{"id":8540,"date":"2022-02-21T09:31:03","date_gmt":"2022-02-21T08:31:03","guid":{"rendered":"https:\/\/www.pfarrwirt.com\/datenschutz\/"},"modified":"2023-01-13T14:09:16","modified_gmt":"2023-01-13T13:09:16","slug":"datenschutz","status":"publish","type":"page","link":"https:\/\/www.pfarrwirt.com\/en\/datenschutz\/","title":{"rendered":"Privacy"},"content":{"rendered":"<div class=\"fusion-fullwidth fullwidth-box fusion-builder-row-1 fusion-flex-container nonhundred-percent-fullwidth non-hundred-percent-height-scrolling\" style=\"--awb-border-radius-top-left:0px;--awb-border-radius-top-right:0px;--awb-border-radius-bottom-right:0px;--awb-border-radius-bottom-left:0px;--awb-padding-top:50px;--awb-flex-wrap:wrap;\" ><div class=\"fusion-builder-row fusion-row fusion-flex-align-items-flex-start fusion-flex-content-wrap\" style=\"max-width:104%;margin-left: calc(-4% \/ 2 );margin-right: calc(-4% \/ 2 );\"><div class=\"fusion-layout-column fusion_builder_column fusion-builder-column-0 fusion_builder_column_1_2 1_2 fusion-flex-column\" style=\"--awb-bg-blend:overlay;--awb-bg-size:cover;--awb-width-large:50%;--awb-margin-top-large:0px;--awb-spacing-right-large:3.84%;--awb-margin-bottom-large:0px;--awb-spacing-left-large:3.84%;--awb-width-medium:50%;--awb-spacing-right-medium:3.84%;--awb-spacing-left-medium:3.84%;--awb-width-small:100%;--awb-spacing-right-small:1.92%;--awb-spacing-left-small:1.92%;\"><div class=\"fusion-column-wrapper fusion-flex-justify-content-flex-start fusion-content-layout-column\"><div class=\"fusion-text fusion-text-1\" style=\"--awb-text-transform:none;\"><p>Wir freuen uns \u00fcber Ihr Interesse an unserem Unternehmen und unserer Website pfarrplatz.at. Das Unternehmen Pfarrplatz Gastronomiebetriebs GmbH, FN 95985f, mit der Gesch\u00e4ftsanschrift Pfarrplatz 2, 1190 Wien, betreibt f\u00fcr seine Kunden ein Onlineportal unter der Webadresse \u201ewww.pfarrplatz.at\u201c. Weiterf\u00fchrende Informationen \u00fcber Pfarrplatz Gastronomiebetriebs GmbH finden sie im <a href=\"http:\/\/www.pfarrplatz.at\/de\/infos\/impressum.html\">Impressum dieser Seite<\/a>. Diese Datenschutzinformation gilt f\u00fcr die im Namen der Pfarrplatz Gastronomiebetriebs GmbH unternommenen und im Onlineportal angebotenen Kundenangebote.<\/p>\n<p>Die Pfarrplatz Gastronomiebetriebs GmbH ist Teil einer Unternehmensgruppe. Zur Erf\u00fcllung seiner Verpflichtungen bedient sich die Pfarrplatz Gastronomiebetriebs GmbHin arbeitsteiliger Weise auch konzernverbundenen Unternehmen. Eine Liste der in den Anwendungsbereich dieser Datenschutzinformation fallenden Unternehmen finden Sie <a href=\"http:\/\/www.pfarrplatz.com\/DSGVO\/07_Unternehmen_Pfarrplatz.pdf\" target=\"_blank\" rel=\"noopener noreferrer\">hier<\/a>.<\/p>\n<p><strong>Gegenstand der Information<\/strong><br \/>\nIn dieser allgemeinen Datenschutzinformation wird unser grunds\u00e4tzliches Bekenntnis zum Datenschutz und allgemeine Sicherheitsma\u00dfnahmen beschrieben und erl\u00e4utert. Die Erf\u00fcllung unserer datenschutzrechtlichen Informationspflichten nehmen wir durch f\u00fcr die einzelnen Kundenangebote gesondert erstellte Datenschutzinformationen war, die einen integrierenden Bestandteil dieser Datenschutzinformation bilden. N\u00e4here Informationen und eine Verlinkung zu den Dokumenten finden Sie nachstehend unter \u201e<a href=\"https:\/\/www.pfarrplatz.at\/datenschutz\/?builder=true&amp;builder_id=6a42d3528d320a1682aa30e7b6a317ec#kundenangebote\">Datenschutzinformation nach Kundenangeboten<\/a>\u201c<em><strong>.<\/strong><\/em><\/p>\n<p><strong>Sicherheitsma\u00dfnahmen<\/strong><br \/>\nDer Schutz Ihrer personenbezogenen Daten und Informationen, die zur Feststellung Ihrer Identit\u00e4t f\u00fchren k\u00f6nnen, ist uns sehr wichtig. Ziel der Pfarrplatz Gastronomiebetriebs GmbH ist es, die Erwartungen unserer Kunden an unseren Produkten und Dienstleistungen fortw\u00e4hrend zu erf\u00fcllen. Dazu z\u00e4hlt auch der verantwortungsvolle Umgang mit den Daten, die Sie uns f\u00fcr im Rahmen unserer Kundenbeziehung anvertrauen. Wir verpflichten uns, Ihre Daten gem\u00e4\u00df den jeweils geltenden Datenschutzgesetzen zu sch\u00fctzen.<br \/>\nAus diesem Grund arbeiten wir auch st\u00e4ndig an der \u00dcberpr\u00fcfung und Verbesserung unserer technischen und physischen Sicherheitsregeln. In einem Sicherheitskonzept haben wir durch Regeln und Vorkehrungen Sicherheitsma\u00dfnahmen implementiert, um auf allen von der Pfarrplatz Gastronomiebetriebs GmbH betriebenen Websites und Servern, ihre personenbezogenen Daten vor unbeabsichtigtem Verlust, Missbrauch und Ver\u00e4nderungen zu sch\u00fctzen, w\u00e4hrend sie unserer Kontrolle unterliegen.<br \/>\nDie Einhaltung datenschutzrechtlicher Auflagen stellen wir auch durch regelm\u00e4\u00dfige Schulungen unseres Personals, der Bereitstellung eines Datenschutzkoordinators und durch schriftliche \u00dcberbindung der Verpflichtung zur Datengeheimhaltung an Mitarbeiter und externe Auftragsverarbeiter sicher.<\/p>\n<p><strong>Minderj\u00e4hrige<\/strong><br \/>\nWir beabsichtigen nicht die Erfassung personenbezogener Daten von Minderj\u00e4hrigen; leider k\u00f6nnen wir aber das Alter der Personen, die unsere Websites aufrufen und verwenden, jedoch nicht immer \u00fcberpr\u00fcfen. Wenn eine minderj\u00e4hrige Person uns ihre Daten ohne Genehmigung des Erziehungsberechtigten \u00fcbermittelt, ersuchen wird diese sich an uns zu wenden, damit diese Daten gel\u00f6scht werden und die minderj\u00e4hrige Person unsererseits nicht mehr (zB Werbematerial) kontaktiert werden kann. Kontakt: <a href=\"mailto:office@pfarrplatz.at\">office@pfarrplatz.at<\/a><\/p>\n<\/div><\/div><\/div><div class=\"fusion-layout-column fusion_builder_column fusion-builder-column-1 fusion_builder_column_1_2 1_2 fusion-flex-column\" style=\"--awb-bg-blend:overlay;--awb-bg-size:cover;--awb-width-large:50%;--awb-margin-top-large:0px;--awb-spacing-right-large:3.84%;--awb-margin-bottom-large:0px;--awb-spacing-left-large:3.84%;--awb-width-medium:50%;--awb-spacing-right-medium:3.84%;--awb-spacing-left-medium:3.84%;--awb-width-small:100%;--awb-spacing-right-small:1.92%;--awb-spacing-left-small:1.92%;\"><div class=\"fusion-column-wrapper fusion-flex-justify-content-flex-start fusion-content-layout-column\"><div class=\"fusion-text fusion-text-2\"><p><strong style=\"color: var(--body_typography-color);font-family: var(--body_typography-font-family);font-size: var(--body_typography-font-size);letter-spacing: var(--body_typography-letter-spacing)\">Datenschutzinformation nach Kundenangeboten<\/strong><\/p>\n<p>Zur Erf\u00fcllung unserer datenschutzrechtlichen Informationspflichten haben wir f\u00fcr unsere Kundenangebote zur besseren Lesbarkeit und Transparenz gesonderte Datenschutzinformationen erstellt. Durch Anklicken des, beim Kundenangebot ausgewiesenen Links \u201e<em>Datenschutzinformation<\/em>\u201c, werden sie zum zugeh\u00f6rigen Dokument weitergeleitet.<br \/>\nIn den Datenschutzinformationen nach Kundenangeboten informieren wir Sie ausf\u00fchrlich dar\u00fcber<\/p>\n<ul>\n<li>wer wir sind und wie Sie mit uns in Kontakt treten k\u00f6nnen,<\/li>\n<li>auf welche Produkte sich die Datenschutzinformation bezieht,<\/li>\n<li>welche Kategorien personenbezogener Daten wir verarbeiten,<\/li>\n<li>aus welchen Quellen wir Daten beziehen,<\/li>\n<li>zu welchen Zwecken wir personenbezogene Daten (auch innerhalb der Unternehmensgruppe) verarbeiten,<\/li>\n<li>auf welcher Rechtsgrundlage wir dies tun,<\/li>\n<li>an wen wir personenbezogene Daten gegebenenfalls \u00fcbermitteln,<\/li>\n<li>wie lange wir personenbezogene Daten speichern und<\/li>\n<li>welche Rechte Ihnen in Bezug auf die verarbeiteten personenbezogenen Daten zukommen.<\/li>\n<\/ul>\n<p>Soweit in den Datenschutzinformationen darauf verwiesen wird, dass wir Datenverarbeitungen gest\u00fctzt auf Ihre Einwilligung vornehmen, setzt dies nat\u00fcrlich voraus, dass sie uns diese Einwilligung wirksam erteilt haben. Liegt keine Einwilligung vor, werden wir Datenverarbeitungen, die wir auf Einwilligung st\u00fctzen in Bezug auf ihre Person nicht vornehmen.<\/p>\n<p>Nat\u00fcrlich k\u00f6nnen unsere Onlineangebote (Websites) auch besucht werden, ohne dass Angaben zur Person des Nutzers gemacht werden. In diesem Fall, aber auch im Fall der Nutzung des Online-Angebots durch registrierte Nutzer, werden Zugriffsdaten ohne Personenbezug (zB Name des Internet Service Providers, die Seite von welcher der Nutzer die Websites besucht, die anonymisierte IP-Adresse, Datum und Uhrzeit des Besuches) gespeichert. Datenschutzinformationen zu dieser Art der Datenverarbeitung finden Sie neben den einzelnen Datenschutzinformationen in der \u201e<a href=\"http:\/\/www.pfarrplatz.com\/DSGVO\/09_4_Cookie_Information_Pfarrplatz.pdf\" target=\"_blank\" rel=\"noopener noreferrer\">Cookie Information<\/a>\u201c. In dieser Information finden sich auch Ausf\u00fchrungen betreffend \u201eSocial Plug-Ins\u201c, mit welchen Inhalte unserer Website mit anderen geteilt Websites geteilt werden k\u00f6nnen.<\/p>\n<p><strong>Unsere Kundenangebote sind:<\/strong><\/p>\n<ul>\n<li><u>Online \u2013 Dienste (Information, Newsletter Service, Online-Store)<\/u><a href=\"http:\/\/www.pfarrplatz.com\/DSGVO\/09_1_DSI_Online_Dienste_Pfarrplatz.pdf\" target=\"_blank\" rel=\"noopener noreferrer\">Datenschutzinformation Online \u2013 Dienste<\/a><br \/>\n<a href=\"http:\/\/www.pfarrplatz.com\/DSGVO\/09_2_DSI_Newsletter_Pfarrplatz.pdf\" target=\"_blank\" rel=\"noopener noreferrer\">Datenschutzinformation Newsletter<\/a><\/li>\n<\/ul>\n<ul>\n<li><u>Gewinnspiele<\/u><a href=\"http:\/\/www.pfarrplatz.com\/DSGVO\/09_3_DSI_Gewinnspiele_Pfarrplatz.pdf\" target=\"_blank\" rel=\"noopener noreferrer\">Datenschutzinformation Gewinnspiele<\/a><\/li>\n<\/ul>\n<ul>\n<li><u>Besuch der Website f\u00fcr nicht registrierte User<\/u><a href=\"http:\/\/www.pfarrplatz.com\/DSGVO\/09_4_Cookie_Information_Pfarrplatz.pdf\" target=\"_blank\" rel=\"noopener noreferrer\">Cookie-Information<\/a><\/li>\n<\/ul>\n<p><strong>Kontakt<\/strong><br \/>\nWenn Sie Ihre Daten, die Datenverwendung oder Ihren bevorzugten Kommunikationsweg aktualisieren m\u00f6chten oder wenn Sie von der Pfarrplatz GastronomiebetriebsGmbH keine Mitteilungen mehr empfangen oder Widerspruch gegen die Datenverarbeitung erheben m\u00f6chten, k\u00f6nnen Sie dies jederzeit, ohne Angabe von Gr\u00fcndungen unter folgenden Kontaktdaten:<\/p>\n<ul>\n<li>Per e-mail: <a href=\"mailto:office@pfarrplatz.at\">office@pfarrplatz.at<\/a><\/li>\n<li>Per Telefon: 0043 1 370 12 87<\/li>\n<li>Per Post: Pfarrplatz Gastronomiebetriebs GmbH,<br \/>\nPfarrplatz 2,<br \/>\n1190 Wien<\/li>\n<\/ul>\n<p>Sollten Sie Anmerkungen oder Fragen zum Datenschutzoder zu unseren Datenschutzinformationen haben, k\u00f6nnen Sie sich auf einem der unten angegebenen Wege an uns wenden:<\/p>\n<ul>\n<li>Per e-mail: <a href=\"mailto:office@pfarrplatz.at\">office@pfarrplatz.at<\/a><\/li>\n<li>Per Telefon: 0043 1 370 12 87<\/li>\n<\/ul>\n<p><strong>Stand: Mai 2018<\/strong><\/p>\n<p><a href=\"http:\/\/www.pfarrplatz.com\/DSGVO\/09_Allgemeine_DSI_Pfarrplatz.pdf\" target=\"_blank\" rel=\"noopener noreferrer\"><strong>Laden Sie die Allgemeinen Datenschutzinformationen als PDF herunter.<\/strong><\/a><\/p>\n<\/div><\/div><\/div><\/div><\/div>\n","protected":false},"excerpt":{"rendered":"","protected":false},"author":584,"featured_media":0,"parent":0,"menu_order":0,"comment_status":"closed","ping_status":"closed","template":"","meta":{"_acf_changed":false,"footnotes":""},"class_list":["post-8540","page","type-page","status-publish","hentry"],"acf":[],"yoast_head":"<!-- This site is optimized with the Yoast SEO plugin v27.3 - https:\/\/yoast.com\/product\/yoast-seo-wordpress\/ -->\n<title>Privacy - Restaurant Pfarrwirt<\/title>\n<meta name=\"robots\" content=\"index, follow, max-snippet:-1, max-image-preview:large, max-video-preview:-1\" \/>\n<link rel=\"canonical\" href=\"https:\/\/www.pfarrwirt.com\/en\/datenschutz\/\" \/>\n<meta property=\"og:locale\" content=\"en_US\" \/>\n<meta property=\"og:type\" content=\"article\" \/>\n<meta property=\"og:title\" content=\"Privacy - Restaurant Pfarrwirt\" \/>\n<meta property=\"og:url\" content=\"https:\/\/www.pfarrwirt.com\/en\/datenschutz\/\" \/>\n<meta property=\"og:site_name\" content=\"Restaurant Pfarrwirt\" \/>\n<meta property=\"article:publisher\" content=\"https:\/\/www.facebook.com\/mayerampfarrplatz\" \/>\n<meta property=\"article:modified_time\" content=\"2023-01-13T13:09:16+00:00\" \/>\n<meta name=\"twitter:card\" content=\"summary_large_image\" \/>\n<meta name=\"twitter:label1\" content=\"Est. reading time\" \/>\n\t<meta name=\"twitter:data1\" content=\"5 minutes\" \/>\n<script type=\"application\/ld+json\" class=\"yoast-schema-graph\">{\"@context\":\"https:\\\/\\\/schema.org\",\"@graph\":[{\"@type\":\"WebPage\",\"@id\":\"https:\\\/\\\/www.pfarrwirt.com\\\/en\\\/datenschutz\\\/\",\"url\":\"https:\\\/\\\/www.pfarrwirt.com\\\/en\\\/datenschutz\\\/\",\"name\":\"Privacy - Restaurant Pfarrwirt\",\"isPartOf\":{\"@id\":\"https:\\\/\\\/www.pfarrwirt.com\\\/#website\"},\"datePublished\":\"2022-02-21T08:31:03+00:00\",\"dateModified\":\"2023-01-13T13:09:16+00:00\",\"breadcrumb\":{\"@id\":\"https:\\\/\\\/www.pfarrwirt.com\\\/en\\\/datenschutz\\\/#breadcrumb\"},\"inLanguage\":\"en-US\",\"potentialAction\":[{\"@type\":\"ReadAction\",\"target\":[\"https:\\\/\\\/www.pfarrwirt.com\\\/en\\\/datenschutz\\\/\"]}]},{\"@type\":\"BreadcrumbList\",\"@id\":\"https:\\\/\\\/www.pfarrwirt.com\\\/en\\\/datenschutz\\\/#breadcrumb\",\"itemListElement\":[{\"@type\":\"ListItem\",\"position\":1,\"name\":\"Startseite\",\"item\":\"https:\\\/\\\/www.pfarrwirt.com\\\/en\\\/\"},{\"@type\":\"ListItem\",\"position\":2,\"name\":\"Privacy\"}]},{\"@type\":\"WebSite\",\"@id\":\"https:\\\/\\\/www.pfarrwirt.com\\\/#website\",\"url\":\"https:\\\/\\\/www.pfarrwirt.com\\\/\",\"name\":\"Restaurant Pfarrwirt\",\"description\":\"Das \u00e4lteste Wirtshaus Wiens.\",\"publisher\":{\"@id\":\"https:\\\/\\\/www.pfarrwirt.com\\\/#organization\"},\"alternateName\":\"Das \u00e4lteste Wirtshaus Wien\",\"potentialAction\":[{\"@type\":\"SearchAction\",\"target\":{\"@type\":\"EntryPoint\",\"urlTemplate\":\"https:\\\/\\\/www.pfarrwirt.com\\\/?s={search_term_string}\"},\"query-input\":{\"@type\":\"PropertyValueSpecification\",\"valueRequired\":true,\"valueName\":\"search_term_string\"}}],\"inLanguage\":\"en-US\"},{\"@type\":\"Organization\",\"@id\":\"https:\\\/\\\/www.pfarrwirt.com\\\/#organization\",\"name\":\"Restaurant Pfarrwirt\",\"url\":\"https:\\\/\\\/www.pfarrwirt.com\\\/\",\"logo\":{\"@type\":\"ImageObject\",\"inLanguage\":\"en-US\",\"@id\":\"https:\\\/\\\/www.pfarrwirt.com\\\/#\\\/schema\\\/logo\\\/image\\\/\",\"url\":\"https:\\\/\\\/www.pfarrwirt.com\\\/wp-content\\\/uploads\\\/sites\\\/27\\\/2022\\\/09\\\/P05_logo_braun.png\",\"contentUrl\":\"https:\\\/\\\/www.pfarrwirt.com\\\/wp-content\\\/uploads\\\/sites\\\/27\\\/2022\\\/09\\\/P05_logo_braun.png\",\"width\":457,\"height\":600,\"caption\":\"Restaurant Pfarrwirt\"},\"image\":{\"@id\":\"https:\\\/\\\/www.pfarrwirt.com\\\/#\\\/schema\\\/logo\\\/image\\\/\"},\"sameAs\":[\"https:\\\/\\\/www.facebook.com\\\/mayerampfarrplatz\",\"https:\\\/\\\/www.instagram.com\\\/mayerampfarrplatz.pfarrwirt\\\/\"]}]}<\/script>\n<!-- \/ Yoast SEO plugin. -->","yoast_head_json":{"title":"Privacy - Restaurant Pfarrwirt","robots":{"index":"index","follow":"follow","max-snippet":"max-snippet:-1","max-image-preview":"max-image-preview:large","max-video-preview":"max-video-preview:-1"},"canonical":"https:\/\/www.pfarrwirt.com\/en\/datenschutz\/","og_locale":"en_US","og_type":"article","og_title":"Privacy - Restaurant Pfarrwirt","og_url":"https:\/\/www.pfarrwirt.com\/en\/datenschutz\/","og_site_name":"Restaurant Pfarrwirt","article_publisher":"https:\/\/www.facebook.com\/mayerampfarrplatz","article_modified_time":"2023-01-13T13:09:16+00:00","twitter_card":"summary_large_image","twitter_misc":{"Est. reading time":"5 minutes"},"schema":{"@context":"https:\/\/schema.org","@graph":[{"@type":"WebPage","@id":"https:\/\/www.pfarrwirt.com\/en\/datenschutz\/","url":"https:\/\/www.pfarrwirt.com\/en\/datenschutz\/","name":"Privacy - Restaurant Pfarrwirt","isPartOf":{"@id":"https:\/\/www.pfarrwirt.com\/#website"},"datePublished":"2022-02-21T08:31:03+00:00","dateModified":"2023-01-13T13:09:16+00:00","breadcrumb":{"@id":"https:\/\/www.pfarrwirt.com\/en\/datenschutz\/#breadcrumb"},"inLanguage":"en-US","potentialAction":[{"@type":"ReadAction","target":["https:\/\/www.pfarrwirt.com\/en\/datenschutz\/"]}]},{"@type":"BreadcrumbList","@id":"https:\/\/www.pfarrwirt.com\/en\/datenschutz\/#breadcrumb","itemListElement":[{"@type":"ListItem","position":1,"name":"Startseite","item":"https:\/\/www.pfarrwirt.com\/en\/"},{"@type":"ListItem","position":2,"name":"Privacy"}]},{"@type":"WebSite","@id":"https:\/\/www.pfarrwirt.com\/#website","url":"https:\/\/www.pfarrwirt.com\/","name":"Restaurant Pfarrwirt","description":"Das \u00e4lteste Wirtshaus Wiens.","publisher":{"@id":"https:\/\/www.pfarrwirt.com\/#organization"},"alternateName":"Das \u00e4lteste Wirtshaus Wien","potentialAction":[{"@type":"SearchAction","target":{"@type":"EntryPoint","urlTemplate":"https:\/\/www.pfarrwirt.com\/?s={search_term_string}"},"query-input":{"@type":"PropertyValueSpecification","valueRequired":true,"valueName":"search_term_string"}}],"inLanguage":"en-US"},{"@type":"Organization","@id":"https:\/\/www.pfarrwirt.com\/#organization","name":"Restaurant Pfarrwirt","url":"https:\/\/www.pfarrwirt.com\/","logo":{"@type":"ImageObject","inLanguage":"en-US","@id":"https:\/\/www.pfarrwirt.com\/#\/schema\/logo\/image\/","url":"https:\/\/www.pfarrwirt.com\/wp-content\/uploads\/sites\/27\/2022\/09\/P05_logo_braun.png","contentUrl":"https:\/\/www.pfarrwirt.com\/wp-content\/uploads\/sites\/27\/2022\/09\/P05_logo_braun.png","width":457,"height":600,"caption":"Restaurant Pfarrwirt"},"image":{"@id":"https:\/\/www.pfarrwirt.com\/#\/schema\/logo\/image\/"},"sameAs":["https:\/\/www.facebook.com\/mayerampfarrplatz","https:\/\/www.instagram.com\/mayerampfarrplatz.pfarrwirt\/"]}]}},"_links":{"self":[{"href":"https:\/\/www.pfarrwirt.com\/en\/wp-json\/wp\/v2\/pages\/8540","targetHints":{"allow":["GET"]}}],"collection":[{"href":"https:\/\/www.pfarrwirt.com\/en\/wp-json\/wp\/v2\/pages"}],"about":[{"href":"https:\/\/www.pfarrwirt.com\/en\/wp-json\/wp\/v2\/types\/page"}],"author":[{"embeddable":true,"href":"https:\/\/www.pfarrwirt.com\/en\/wp-json\/wp\/v2\/users\/584"}],"replies":[{"embeddable":true,"href":"https:\/\/www.pfarrwirt.com\/en\/wp-json\/wp\/v2\/comments?post=8540"}],"version-history":[{"count":1,"href":"https:\/\/www.pfarrwirt.com\/en\/wp-json\/wp\/v2\/pages\/8540\/revisions"}],"predecessor-version":[{"id":9793,"href":"https:\/\/www.pfarrwirt.com\/en\/wp-json\/wp\/v2\/pages\/8540\/revisions\/9793"}],"wp:attachment":[{"href":"https:\/\/www.pfarrwirt.com\/en\/wp-json\/wp\/v2\/media?parent=8540"}],"curies":[{"name":"wp","href":"https:\/\/api.w.org\/{rel}","templated":true}]}}